{"id":2,"date":"2025-10-13T11:00:34","date_gmt":"2025-10-13T11:00:34","guid":{"rendered":"https:\/\/valio.lxr.me\/?page_id=2"},"modified":"2025-10-14T08:26:31","modified_gmt":"2025-10-14T08:26:31","slug":"sample-page","status":"publish","type":"page","link":"https:\/\/valio.lxr.me\/","title":{"rendered":"Inicio"},"content":{"rendered":"\t\t<div data-elementor-type=\"wp-page\" data-elementor-id=\"2\" class=\"elementor elementor-2\">\n\t\t\t\t<div class=\"elementor-element elementor-element-2153fa8 e-con-full e-flex e-con e-parent\" data-id=\"2153fa8\" data-element_type=\"container\" data-settings=\"{&quot;background_background&quot;:&quot;classic&quot;}\">\n\t\t\t\t<div class=\"elementor-element elementor-element-2d9b3f5 elementor-widget elementor-widget-heading\" data-id=\"2d9b3f5\" data-element_type=\"widget\" data-widget_type=\"heading.default\">\n\t\t\t\t\t<h1 class=\"elementor-heading-title elementor-size-default\">EVERY BODY WANTS<\/h1>\t\t\t\t<\/div>\n\t\t\t\t<div class=\"elementor-element elementor-element-84e5f7c elementor-widget elementor-widget-image\" data-id=\"84e5f7c\" data-element_type=\"widget\" data-widget_type=\"image.default\">\n\t\t\t\t\t\t\t\t\t\t\t\t\t\t\t<img fetchpriority=\"high\" decoding=\"async\" width=\"768\" height=\"229\" src=\"https:\/\/valio.lxr.me\/wp-content\/uploads\/2025\/10\/A9ik13ki_4l0e9b_7u4blanco-768x229.png\" class=\"attachment-medium_large size-medium_large wp-image-40\" alt=\"\" srcset=\"https:\/\/valio.lxr.me\/wp-content\/uploads\/2025\/10\/A9ik13ki_4l0e9b_7u4blanco-768x229.png 768w, https:\/\/valio.lxr.me\/wp-content\/uploads\/2025\/10\/A9ik13ki_4l0e9b_7u4blanco-300x90.png 300w, https:\/\/valio.lxr.me\/wp-content\/uploads\/2025\/10\/A9ik13ki_4l0e9b_7u4blanco-1024x306.png 1024w, https:\/\/valio.lxr.me\/wp-content\/uploads\/2025\/10\/A9ik13ki_4l0e9b_7u4blanco.png 1253w\" sizes=\"(max-width: 768px) 100vw, 768px\" \/>\t\t\t\t\t\t\t\t\t\t\t\t\t\t\t<\/div>\n\t\t\t\t<div class=\"elementor-element elementor-element-b0e88da elementor-align-center elementor-widget elementor-widget-button\" data-id=\"b0e88da\" data-element_type=\"widget\" data-widget_type=\"button.default\">\n\t\t\t\t\t\t\t\t\t\t<a class=\"elementor-button elementor-button-link elementor-size-sm\" href=\"https:\/\/valio.lxr.me\/#opinion\">\n\t\t\t\t\t\t<span class=\"elementor-button-content-wrapper\">\n\t\t\t\t\t\t\t\t\t<span class=\"elementor-button-text\">\u00a1Queremos saber tu opini\u00f3n!<\/span>\n\t\t\t\t\t<\/span>\n\t\t\t\t\t<\/a>\n\t\t\t\t\t\t\t\t<\/div>\n\t\t\t\t<\/div>\n\t\t<div class=\"elementor-element elementor-element-b963495 e-grid e-con-full e-con e-parent\" data-id=\"b963495\" data-element_type=\"container\" data-settings=\"{&quot;background_background&quot;:&quot;classic&quot;}\">\n\t\t<div class=\"elementor-element elementor-element-740903b e-flex e-con-boxed e-con e-child\" data-id=\"740903b\" data-element_type=\"container\" data-settings=\"{&quot;background_background&quot;:&quot;classic&quot;}\">\n\t\t\t\t\t<div class=\"e-con-inner\">\n\t\t\t\t<div class=\"elementor-element elementor-element-707c302 elementor-widget elementor-widget-text-editor\" data-id=\"707c302\" data-element_type=\"widget\" data-widget_type=\"text-editor.default\">\n\t\t\t\t\t\t\t\t\t<h1 class=\"wp-block-heading\"><strong>Yogur estilo griego que inspira tu d\u00eda<\/strong><\/h1>\t\t\t\t\t\t\t\t<\/div>\n\t\t\t\t<div class=\"elementor-element elementor-element-a28d854 elementor-widget elementor-widget-text-editor\" data-id=\"a28d854\" data-element_type=\"widget\" data-widget_type=\"text-editor.default\">\n\t\t\t\t\t\t\t\t\t<div class=\"wp-block-media-text__content\"><p>Los yogures proteicos PROfeel estilo griego vienen en dos irresistibles sabores: fresa-frambuesa, rica en frutos rojos, y durazno-papaya tropical y jugoso. Cada porci\u00f3n contiene 15 g de prote\u00edna sin az\u00facares a\u00f1adidos, en un delicioso yogur bajo en grasa y sin lactosa. Perfecto para el desayuno, como snack o cuando necesites un delicioso aporte de prote\u00edna.<\/p><\/div>\t\t\t\t\t\t\t\t<\/div>\n\t\t\t\t\t<\/div>\n\t\t\t\t<\/div>\n\t\t\t\t<div class=\"elementor-element elementor-element-102483b elementor-widget elementor-widget-image\" data-id=\"102483b\" data-element_type=\"widget\" data-widget_type=\"image.default\">\n\t\t\t\t\t\t\t\t\t\t\t\t\t\t\t<img decoding=\"async\" width=\"1044\" height=\"723\" src=\"https:\/\/valio.lxr.me\/wp-content\/uploads\/2025\/10\/PROfeel_greek_styled.png\" class=\"attachment-full size-full wp-image-25\" alt=\"\" srcset=\"https:\/\/valio.lxr.me\/wp-content\/uploads\/2025\/10\/PROfeel_greek_styled.png 1044w, https:\/\/valio.lxr.me\/wp-content\/uploads\/2025\/10\/PROfeel_greek_styled-300x208.png 300w, https:\/\/valio.lxr.me\/wp-content\/uploads\/2025\/10\/PROfeel_greek_styled-1024x709.png 1024w, https:\/\/valio.lxr.me\/wp-content\/uploads\/2025\/10\/PROfeel_greek_styled-768x532.png 768w\" sizes=\"(max-width: 1044px) 100vw, 1044px\" \/>\t\t\t\t\t\t\t\t\t\t\t\t\t\t\t<\/div>\n\t\t\t\t<\/div>\n\t\t<div class=\"elementor-element elementor-element-d0dfdbd e-grid e-con-full e-con e-parent\" data-id=\"d0dfdbd\" data-element_type=\"container\" data-settings=\"{&quot;background_background&quot;:&quot;classic&quot;}\">\n\t\t\t\t<div class=\"elementor-element elementor-element-e6f235d elementor-widget elementor-widget-image\" data-id=\"e6f235d\" data-element_type=\"widget\" data-widget_type=\"image.default\">\n\t\t\t\t\t\t\t\t\t\t\t\t\t\t\t<img decoding=\"async\" width=\"768\" height=\"761\" src=\"https:\/\/valio.lxr.me\/wp-content\/uploads\/2025\/10\/250828_INT_GS_Mango_1s-768x761.png\" class=\"attachment-medium_large size-medium_large wp-image-26\" alt=\"\" srcset=\"https:\/\/valio.lxr.me\/wp-content\/uploads\/2025\/10\/250828_INT_GS_Mango_1s-768x761.png 768w, https:\/\/valio.lxr.me\/wp-content\/uploads\/2025\/10\/250828_INT_GS_Mango_1s-300x297.png 300w, https:\/\/valio.lxr.me\/wp-content\/uploads\/2025\/10\/250828_INT_GS_Mango_1s-1024x1015.png 1024w, https:\/\/valio.lxr.me\/wp-content\/uploads\/2025\/10\/250828_INT_GS_Mango_1s-150x150.png 150w, https:\/\/valio.lxr.me\/wp-content\/uploads\/2025\/10\/250828_INT_GS_Mango_1s-1536x1522.png 1536w, https:\/\/valio.lxr.me\/wp-content\/uploads\/2025\/10\/250828_INT_GS_Mango_1s-2048x2029.png 2048w\" sizes=\"(max-width: 768px) 100vw, 768px\" \/>\t\t\t\t\t\t\t\t\t\t\t\t\t\t\t<\/div>\n\t\t<div class=\"elementor-element elementor-element-55f7712 e-flex e-con-boxed e-con e-child\" data-id=\"55f7712\" data-element_type=\"container\" data-settings=\"{&quot;background_background&quot;:&quot;classic&quot;}\">\n\t\t\t\t\t<div class=\"e-con-inner\">\n\t\t\t\t<div class=\"elementor-element elementor-element-dddd978 elementor-widget elementor-widget-text-editor\" data-id=\"dddd978\" data-element_type=\"widget\" data-widget_type=\"text-editor.default\">\n\t\t\t\t\t\t\t\t\t<h1 class=\"wp-block-heading\"><strong>Prote\u00edna para todos los cuerpos<\/strong><\/h1>\t\t\t\t\t\t\t\t<\/div>\n\t\t\t\t<div class=\"elementor-element elementor-element-19d15cd elementor-widget elementor-widget-text-editor\" data-id=\"19d15cd\" data-element_type=\"widget\" data-widget_type=\"text-editor.default\">\n\t\t\t\t\t\t\t\t\t<p>Dicen que la vida es un deporte de resistencia, pero nosotros creemos que es una aventura. Y toda aventura necesita un toque excitante lleno de sabor, \u00bfa que s\u00ed?<\/p><p>PROfeel\u00ae lleva desde 2018 repartiendo energ\u00eda por toda Europa y ahora por Estados Unidos. Estamos orgullosos de ser una filial de Valio, la empresa l\u00e1ctea l\u00edder en Finlandia, que usa prote\u00ednas l\u00e1cteas sostenibles para ayudarte en tu d\u00eda a d\u00eda. Hoy somos una marca global que ofrece una amplia gama de batidos de prote\u00ednas, postres ricos en prote\u00ednas, sabrosas mousses y mucho m\u00e1s. Prueba nuestros deliciosos productos. \u00a1No te arrepentir\u00e1s!<\/p><p>PROfeel\u00ae no s\u00f3lo es para los deportistas. Nuestros snacks de prote\u00edna son tambi\u00e9n para los h\u00e9roes de las compras, los guerreros de las reuniones, los exploradores de fin de semana\u2026 y para cualquiera. Tu cuerpo merece un tentempi\u00e9 que funcione y le aporte prote\u00ednas realmente beneficiosas. PROfeel\u00ae es para todos los cuerpos\u2026 y por eso todos los cuerpos piden PROfeel\u00ae.<\/p>\t\t\t\t\t\t\t\t<\/div>\n\t\t\t\t\t<\/div>\n\t\t\t\t<\/div>\n\t\t\t\t<\/div>\n\t\t<div class=\"elementor-element elementor-element-b8cbccf e-con-full opinion e-flex e-con e-parent\" data-id=\"b8cbccf\" data-element_type=\"container\" id=\"opinion\" data-settings=\"{&quot;background_background&quot;:&quot;classic&quot;}\">\n\t\t<div class=\"elementor-element elementor-element-c55f490 e-con-full e-flex e-con e-child\" data-id=\"c55f490\" data-element_type=\"container\">\n\t\t\t\t<div class=\"elementor-element elementor-element-2f381b3 elementor-widget elementor-widget-text-editor\" data-id=\"2f381b3\" data-element_type=\"widget\" data-widget_type=\"text-editor.default\">\n\t\t\t\t\t\t\t\t\t<h1 class=\"wp-block-heading\"><strong>Tu opini\u00f3n nos importa<\/strong><\/h1>\t\t\t\t\t\t\t\t<\/div>\n\t\t\t\t<div class=\"elementor-element elementor-element-90840aa elementor-widget elementor-widget-shortcode\" data-id=\"90840aa\" data-element_type=\"widget\" data-widget_type=\"shortcode.default\">\n\t\t\t\t\t\t\t<div class=\"elementor-shortcode\"><form action=\"https:\/\/valio.lxr.me\/?rest_route=%2Fws-form%2Fv1%2Fsubmit\" class=\"wsf-form wsf-form-canvas\" id=\"ws-form-1\" data-id=\"1\"  data-instance-id=\"1\"  method=\"POST\" data-wsf-style-id=\"1\"><\/form><\/div>\n\t\t\t\t\t\t<\/div>\n\t\t\t\t<\/div>\n\t\t<div class=\"elementor-element elementor-element-b420059 e-con-full e-flex e-con e-child\" data-id=\"b420059\" data-element_type=\"container\">\n\t\t\t\t<div class=\"elementor-element elementor-element-b6c13d8 elementor-widget elementor-widget-image\" data-id=\"b6c13d8\" data-element_type=\"widget\" data-widget_type=\"image.default\">\n\t\t\t\t\t\t\t\t\t\t\t\t\t\t\t<img loading=\"lazy\" decoding=\"async\" width=\"2560\" height=\"2537\" src=\"https:\/\/valio.lxr.me\/wp-content\/uploads\/2025\/10\/250828_INT_GS_Mango_1-scaled.jpg\" class=\"attachment-full size-full wp-image-119\" alt=\"\" srcset=\"https:\/\/valio.lxr.me\/wp-content\/uploads\/2025\/10\/250828_INT_GS_Mango_1-scaled.jpg 2560w, https:\/\/valio.lxr.me\/wp-content\/uploads\/2025\/10\/250828_INT_GS_Mango_1-300x297.jpg 300w, https:\/\/valio.lxr.me\/wp-content\/uploads\/2025\/10\/250828_INT_GS_Mango_1-1024x1015.jpg 1024w, https:\/\/valio.lxr.me\/wp-content\/uploads\/2025\/10\/250828_INT_GS_Mango_1-150x150.jpg 150w, https:\/\/valio.lxr.me\/wp-content\/uploads\/2025\/10\/250828_INT_GS_Mango_1-768x761.jpg 768w, https:\/\/valio.lxr.me\/wp-content\/uploads\/2025\/10\/250828_INT_GS_Mango_1-1536x1522.jpg 1536w, https:\/\/valio.lxr.me\/wp-content\/uploads\/2025\/10\/250828_INT_GS_Mango_1-2048x2029.jpg 2048w\" sizes=\"(max-width: 2560px) 100vw, 2560px\" \/>\t\t\t\t\t\t\t\t\t\t\t\t\t\t\t<\/div>\n\t\t\t\t<\/div>\n\t\t\t\t<\/div>\n\t\t\t\t<\/div>\n\t\t","protected":false},"excerpt":{"rendered":"<p>EVERY BODY WANTS \u00a1Queremos saber tu opini\u00f3n! Yogur estilo griego que inspira tu d\u00eda Los yogures proteicos PROfeel estilo griego vienen en dos irresistibles sabores: fresa-frambuesa, rica en frutos rojos, y durazno-papaya tropical y jugoso. Cada porci\u00f3n contiene 15 g de prote\u00edna sin az\u00facares a\u00f1adidos, en un delicioso yogur bajo en grasa y sin lactosa. [&hellip;]<\/p>\n","protected":false},"author":1,"featured_media":0,"parent":0,"menu_order":0,"comment_status":"closed","ping_status":"open","template":"elementor_header_footer","meta":{"footnotes":""},"class_list":["post-2","page","type-page","status-publish","hentry"],"_links":{"self":[{"href":"https:\/\/valio.lxr.me\/index.php?rest_route=\/wp\/v2\/pages\/2","targetHints":{"allow":["GET"]}}],"collection":[{"href":"https:\/\/valio.lxr.me\/index.php?rest_route=\/wp\/v2\/pages"}],"about":[{"href":"https:\/\/valio.lxr.me\/index.php?rest_route=\/wp\/v2\/types\/page"}],"author":[{"embeddable":true,"href":"https:\/\/valio.lxr.me\/index.php?rest_route=\/wp\/v2\/users\/1"}],"replies":[{"embeddable":true,"href":"https:\/\/valio.lxr.me\/index.php?rest_route=%2Fwp%2Fv2%2Fcomments&post=2"}],"version-history":[{"count":84,"href":"https:\/\/valio.lxr.me\/index.php?rest_route=\/wp\/v2\/pages\/2\/revisions"}],"predecessor-version":[{"id":156,"href":"https:\/\/valio.lxr.me\/index.php?rest_route=\/wp\/v2\/pages\/2\/revisions\/156"}],"wp:attachment":[{"href":"https:\/\/valio.lxr.me\/index.php?rest_route=%2Fwp%2Fv2%2Fmedia&parent=2"}],"curies":[{"name":"wp","href":"https:\/\/api.w.org\/{rel}","templated":true}]}}